{"id":3,"date":"2020-12-02T14:11:14","date_gmt":"2020-12-02T13:11:14","guid":{"rendered":"http:\/\/anticoborgocannobio.it\/?page_id=3"},"modified":"2020-12-18T12:05:28","modified_gmt":"2020-12-18T11:05:28","slug":"privacy-policy","status":"publish","type":"page","link":"https:\/\/anticoborgocannobio.it\/it\/privacy-policy\/","title":{"rendered":"Privacy Policy"},"content":{"rendered":"<p id=\"docDate\">Documento: MOD01 - Revisione 02\/01\/2021<\/p>\n<p id=\"societa\">Antico Borgo Cannobio <\/p>\n<div class=\"cb\"><\/div>\n<p>                        <strong>INFORMATIVA SUL TRATTAMENTO DI DATI PERSONALI<\/strong><\/p>\n<h4>ai sensi dell'art. 13 del Decreto Legislativo 30 giugno 2003, n.196 e degli artt.13 e 14 del Reg. Europeo 679\/2016<\/h4>\n<p><\/p>\n<p>                        <strong><br \/>\n                            Titolare del trattamento:<br \/>\n                        <\/strong><\/p>\n<p>\n                            dei dati personali \u00e8 la sottoscritta <span class=\"bold\">Antico Borgo Cannobio<\/span>, sede legale e operativa Via G.M. Giovanola, 75 28822 Cannobio (VB). I diritti di cui sopra potranno essere esercitati con richiesta rivolta senza formalit\u00e0 al titolare o ad uno dei responsabili, anche per tramite di un incaricato. La richiesta potr\u00e0 essere trasmessa anche mediante lettera raccomandata o posta elettronica all'indirizzo <a href=\"mailto:info@anticoborgocannobio.it\" title=\"Invia una mail\">info@anticoborgocannobio.it<\/a>.\n                        <\/p>\n<p><\/p>\n<p>                        <strong><br \/>\n                            Trattamenti effettuati e finalit\u00e0:<br \/>\n                        <\/strong><\/p>\n<p>\n                            Saranno raccolti i seguenti dati anagrafici e identificativi del referente che si interfaccer\u00e0 con la nostra societ\u00e0:\n\t                    <\/p>\n<ul>\n<li>1.1 Ragione Sociale della societ\u00e0 o centro servizi, identit\u00e0 dell'associazione, nome e cognome della ditta individuale;<\/li>\n<li>1.2 Indirizzo della sede legale, sede operativa o unit\u00e0 locali;<\/li>\n<li>1.3 Nome e cognome del legale rappresentante, responsabili, impiegati o addetti;<\/li>\n<li>1.4 Istituti di credito con la quale si ha rapporti e le relative coordinate bancarie;<\/li>\n<li>1.5 Numero di telefono del centralino, degli interni e telefax;<\/li>\n<li>1.6 Indirizzi di posta elettronica istituzionali e diretti;<\/li>\n<li>1.7 Documentazione relativa ai siti internet sviluppati per conto dei clienti.<\/li>\n<\/ul>\n<p><\/p>\n<p>                        <strong><br \/>\n                            I dati saranno trattati per le finalit\u00e0 :<br \/>\n                        <\/strong><\/p>\n<p>\n\t                        <span class=\"bold\">CLIENTI<\/span>\n\t                    <\/p>\n<ul>\n<li>a) Gestione dei rapporti con i clienti, acquisizione d\u00ec dati nel caso di fornitura di servizi, fornitura prodotti, acquisizione di dati per finanziamenti, noleggio o leasing di apparecchiature e software;<\/li>\n<li>b) Verifiche del grado di soddisfazione del cliente in merito ai servizi offerti da <span class=\"bold\">Antico Borgo Cannobio<\/span>, mediante interviste personali, l'invio tramite fax, posta o posta elettronica di questionari;<\/li>\n<li>c) Attivit\u00e0 di promozione di prodotti o servizi offerti da <span class=\"bold\">Antico Borgo Cannobio<\/span>, scambio di comunicazioni inerenti l'attivit\u00e0 economica, amministrativa e commerciale dell'azienda;<\/li>\n<li>d) Invio tramite fax, posta o posta elettronica di materiale pubblicitario sui servizi o prodotti offerti da <span class=\"bold\">Antico Borgo Cannobio<\/span>;<\/li>\n<li>e) Promozione di manifestazioni quali Workshop, Convegni, Fiere dove <span class=\"bold\">Antico Borgo Cannobio<\/span> ne \u00e8 organizzatrice o partecipante;<\/li>\n<li>f) Emissione di documenti di trasporto, fatture e note accredito, tenuta della contabilit\u00e0 ordinaria e IVA, gestione incassi e pagamenti.<\/li>\n<\/ul>\n<p><\/p>\n<p>Il <span class=\"bold underline\">conferimento dei dati personali<\/span> di cui sopra non \u00e8 obbligatorio, il rifiuto impedirebbe, con particolare riferimento al punto sub. lett. a), l'impossibilit\u00e0 da parte di <span class=\"bold\">Antico Borgo Cannobio<\/span> di poter erogare in favore del cliente il servizio richiesto.<\/p>\n<p><\/p>\n<p>\n                            <span class=\"bold\">POTENZIALI CLIENTI<\/span> <br \/>\n                            Promozione di prodotti, servizi, manifestazioni quali Workshop, Convegni, Fiere dove <span class=\"bold\">Antico Borgo Cannobio<\/span> ne \u00e8 organizzatrice o partecipante; consulenze aziendali, sviluppo di offerte per servizi \/ prestazioni di <span class=\"bold\">Antico Borgo Cannobio<\/span>. <br \/>\n                            Oltre che per le finalit\u00e0 sopra descritte, i dati personali potranno essere altres\u00ec trattati per adempiere agli obblighi previsti dalla legge, da un regolamento o dalla normativa comunitaria.\n                        <\/p>\n<p><\/p>\n<p>                        <strong><br \/>\n                            Modalit\u00e0 di raccolta dei dati<br \/>\n                        <\/strong><\/p>\n<ul>\n<li>Direttamente presso l'interessato o presso le sedi di <span class=\"bold\">Antico Borgo Cannobio<\/span>, al momento dell'instaurazione del rapporto commerciale, della commissione di un ordine, della richiesta di un'offerta o alla stipula di un contratto;<\/li>\n<li>b) Direttamente dall'interessato attraverso comunicazioni via fax o via e-mail;<\/li>\n<li>c) Direttamente presso l'interessato in occasione di visite commerciali per la proposta di prodotti o servizi oggetto dell'attivit\u00e0 di <span class=\"bold\">Antico Borgo Cannobio<\/span>;<\/li>\n<li>d) Direttamente dall'interessato attraverso interviste telefoniche;<\/li>\n<li>e) Direttamente dall'interessato attraverso collaborazioni in partnership tra <span class=\"bold\">Antico Borgo Cannobio<\/span>, e professionisti o studi professionali con quali lo stesso interessato ha rapporti d\u00ec collaborazione;<\/li>\n<li>f) Presso fonti pubbliche quali elenchi telefonici, inserzioni pubblicitarie da parte dell'interessato, attraverso siti internet che sono in possesso ed autorizzati al trattamento di tali dati personali;<\/li>\n<li>g) attraverso i siti internet di propriet\u00e0 <span class=\"bold\">Antico Borgo Cannobio<\/span> contestualmente all'iscrizione a newsletter <span class=\"bold\">Antico Borgo Cannobio<\/span>;<\/li>\n<\/ul>\n<p>\n                            La presente informativa viene resa all'interessato, od alla persona presso la quale i dati sono raccolti, al momento dell'inizio del rapporto, verranno poi registrati e raccolti presso <span class=\"bold\">Antico Borgo Cannobio<\/span>, con sede operativa in Via G.M. Giovanola, 75 28822 Cannobio (VB). I dati verranno trattati nel rispetto del codice di protezione dei dati personali, custoditi in maniera tale da assicurare la riservatezza, evitarne la distruzione o utilizzo da parte di terzi estranei a <span class=\"bold\">Antico Borgo Cannobio<\/span>.<\/p>\n<p>                            Il trattamento dei dati sar\u00e0 effettuato manualmente (ad esempio, su supporto cartaceo) e\/o attraverso strumenti automatizzati (ad esempio, utilizzando procedure e supporti elettronici), con logiche correlate alle finalit\u00e0 sopra indicate e, comunque, in modo da garantire la sicurezza e la riservatezza dei dati, protetti da dispositivi e antivirus che impediscono a terzi non autorizzati d\u00ec accedere ai dati.\n                        <\/p>\n<p><\/p>\n<p>                        <strong><br \/>\n                            Comunicazione dei dati e ambito di diffusione:<br \/>\n                        <\/strong><\/p>\n<p>\n                            I dati potranno essere comunicati alle seguenti categorie di soggetti di cui si avvale per l'espletamento di alcune attivit\u00e0 funzionali all'erogazione dei propri servizi: Studio Commercialista per adempimenti contabili\/fiscali; Societ\u00e0 o studi di consulenza aziendale, fiscale e legale, Banche per i pagamenti; Studio legale in caso di contenzioso; Pubblica Amministrazione per comunicazioni obbligatorie per legge; Societ\u00e0 che forniscono servizi per lo svolgimento dell'attivit\u00e0 per cui si \u00e8 entrato in contatto e che completino parzialmente o integralmente i servizi offerti, quali uffici postali, spedizionieri, corrieri. I dati non saranno trasferiti all'estero.\n                        <\/p>\n<p><\/p>\n<p>                        <strong><br \/>\n                            Tempo di Conservazione:<br \/>\n                        <\/strong><\/p>\n<p>I dati saranno conservati per il tempo necessario ad esplicare le finalit\u00e0 sopra riportate nel rispetto dei termini di legge, per il periodo corrispondente a necessit\u00e0 fiscali, contabili, amministrative e per documentare la nostra.<\/p>\n<p><\/p>\n<p>                        <strong><br \/>\n                            Diritti dell'Interessato:<br \/>\n                        <\/strong><\/p>\n<p>\n                            ai sensi degli artt. da 15 a 22 del Reg Europeo 679\/2016 Le viene riconosciuto e garantito il pieno diritto a: chiedere al Titolare del trattamento l'accesso ai dati personali e la rettifica o la cancellazione degli stessi o la limitazione del trattamento che la riguardano o di opporsi al loro trattamento, oltre al diritto alla portabilit\u00e0 dei dati. Tale diritto pu\u00f2 essere esercitato via mail a <a href=\"mailto:info@anticoborgocannobio.it\" title=\"Invia una mail\">info@anticoborgocannobio.it<\/a>. <br \/>\n                            Il Titolare interromper\u00e0 il trattamento nel momento in cui pervenga da parte sua la comunicazione di revoca del consenso precedentemente manifestato. <\/p>\n<p>                            Per esercitare i propri diritti, l'interessato pu\u00f2 rivolgersi al seguente indirizzo <span class=\"bold\">Antico Borgo Cannobio<\/span>, sede legale e operativa Via G.M. Giovanola, 75 28822 Cannobio (VB), all'attenzione del Responsabile del Trattamento Dati, oppure pu\u00f2 inviare una comunicazione a: <a href=\"mailto:info@anticoborgocannobio.it\" title=\"Invia una mail\">info@anticoborgocannobio.it<\/a>\n                        <\/p>\n<p><span>Reclamo all'autorit\u00e0 di controllo:<\/span> L'interessato ha diritto a proporre reclamo presso l'Autorit\u00e0 di Controllo nel caso in cui le proprie richieste di informazioni rivolte al Titolare non abbiano determinato risposte soddisfacenti. L'Autorit\u00e0 di riferimento \u00e8 Il Garante per la Protezione dei dati personali.<\/p>\n","protected":false},"excerpt":{"rendered":"<p>Documento: MOD01 - Revisione 02\/01\/2021 Antico Borgo Cannobio INFORMATIVA SUL TRATTAMENTO DI DATI PERSONALI ai sensi dell'art. 13 del Decreto Legislativo 30 giugno 2003, n.196 e degli artt.13 e 14 del Reg. Europeo 679\/2016 Titolare del trattamento: dei dati personali \u00e8 la sottoscritta Antico Borgo Cannobio, sede legale e operativa Via G.M. Giovanola, 75 28822 &hellip; <\/p>\n<p class=\"link-more\"><a href=\"https:\/\/anticoborgocannobio.it\/it\/privacy-policy\/\" class=\"more-link\">Continua a leggere<\/a><\/p>\n","protected":false},"author":2,"featured_media":0,"parent":0,"menu_order":0,"comment_status":"closed","ping_status":"closed","template":"","meta":{"footnotes":""},"class_list":["post-3","page","type-page","status-publish","hentry"],"_links":{"self":[{"href":"https:\/\/anticoborgocannobio.it\/it\/wp-json\/wp\/v2\/pages\/3","targetHints":{"allow":["GET"]}}],"collection":[{"href":"https:\/\/anticoborgocannobio.it\/it\/wp-json\/wp\/v2\/pages"}],"about":[{"href":"https:\/\/anticoborgocannobio.it\/it\/wp-json\/wp\/v2\/types\/page"}],"author":[{"embeddable":true,"href":"https:\/\/anticoborgocannobio.it\/it\/wp-json\/wp\/v2\/users\/2"}],"replies":[{"embeddable":true,"href":"https:\/\/anticoborgocannobio.it\/it\/wp-json\/wp\/v2\/comments?post=3"}],"version-history":[{"count":3,"href":"https:\/\/anticoborgocannobio.it\/it\/wp-json\/wp\/v2\/pages\/3\/revisions"}],"predecessor-version":[{"id":185,"href":"https:\/\/anticoborgocannobio.it\/it\/wp-json\/wp\/v2\/pages\/3\/revisions\/185"}],"wp:attachment":[{"href":"https:\/\/anticoborgocannobio.it\/it\/wp-json\/wp\/v2\/media?parent=3"}],"curies":[{"name":"wp","href":"https:\/\/api.w.org\/{rel}","templated":true}]}}