{"id":113,"date":"2020-12-16T12:17:37","date_gmt":"2020-12-16T11:17:37","guid":{"rendered":"http:\/\/anticoborgocannobio.it\/?page_id=113"},"modified":"2020-12-18T11:49:08","modified_gmt":"2020-12-18T10:49:08","slug":"cookies","status":"publish","type":"page","link":"https:\/\/anticoborgocannobio.it\/it\/cookies\/","title":{"rendered":"Cookies"},"content":{"rendered":"<h3>COSA SONO<\/h3>\n<p>\n                                    I cookie sono piccoli file di testo memorizzati nel computer o nel dispositivo mobile dell'utente quando visita il nostro sito web.\n                                <\/p>\n<p><\/p>\n<h3>A COSA SERVONO<\/h3>\n<p>I cookie sono da noi utilizzati per assicurare all'utente la migliore esperienza nel nostro sito. Questo sito utilizza i cookie, anche di terze parti.<\/p>\n<p><\/p>\n<h3>TIPOLOGIE DI COOKIE<\/h3>\n<p>I cookie sono categorizzati come segue.<\/p>\n<p><strong>Cookie di sessione<\/strong>. Cookie automaticamente cancellati quando l'utente chiude il browser.<\/p>\n<p><strong>Cookie persistenti<\/strong>. Cookie che restano memorizzati nel dispositivo dell'utente sino al raggiungimento di una determinata data di terminazione (in termini di minuti, giorni o anni dalla creazione\/aggiornamento del cookie).<br \/>\n    <br \/>\n    <strong>Cookies first-party<\/strong>. Cookie proprietari, che sono leggibili dal solo dominio che si sta visitando.<br \/>\n    <br \/>\n<strong>Cookies di terze parti<\/strong>. Cookie memorizzati per conto di soggetti terzi.\n    <\/p>\n<p>\nE' possibile controllare ed eliminare i singoli cookie utilizzando le impostazioni della maggior parte dei browser. Ci\u00f2, tuttavia, potrebbe impedire di utilizzare correttamente alcune funzioni del nostro sito web. Per saperne di pi\u00f9 \u00e8 possibile fare riferimento a <a href=\"http:\/\/www.aboutcookies.org\/\" target=\"_blank\" rel=\"noopener noreferrer\">www.aboutcookies.org<\/a> o <a href=\"http:\/\/www.allaboutcookies.org\/\" target=\"_blank\" rel=\"noopener noreferrer\">www.allaboutcookies.org<\/a>.\n   <\/p>\n<p><\/p>\n<h3>GESTIONE DEI COOKIE DIRETTAMENTE DAL SITO<\/h3>\n<p>\n    Per ottimizzare la tua esperienza anche nella gestione dei cookie, abbiamo deciso di organizzare i cookie che potrebbero essere utilizzati da questo sito in quattro categorie, in base alle finalit\u00e0 perseguite: essential, comfort, performance, advertising.<br \/>\n    <br \/>\nL'utente ha la possibilit\u00e0, in qualunque momento, di abilitare e disabilitare direttamente dal sito ogni categoria specifica di cookie (con l'eccezione dei cookie di tipo essential, strettamente necessari). Nel caso di cookie di terze parti, la disabilitazione comporta il non utilizzo del cookie da parte di questo sito (e non la relativa cancellazione).<br \/>\n    <\/p>\n<p><strong>Essential:<\/strong> Questi cookie sono indispensabili per il regolare funzionamento del sito e delle relative funzioni. Esempi: cookie di autenticazione.<br \/>\n    <br \/>\n<strong>Comfort:<\/strong> Questi cookie consentono di migliorare il comfort e l\u2019usabilit\u00e0 dei siti Internet e di mettere a disposizione svariate funzioni. Ad esempio, nei cookie comfort \u00e8 possibile memorizzare i risultati delle ricerche, le impostazioni della lingua, la dimensione del carattere.<br \/>\n<strong>Performance:<\/strong> Questi cookie raccolgono informazioni su come sono utilizzati i siti Internet. I cookie prestazionali ci aiutano per esempio a stabilire quali sono i settori pi\u00f9 popolari del nostro sito. Questo ci permette di adattare i contenuti delle pagine Internet ai vostri desideri e al contempo di migliorare i servizi Internet offerti.<br \/>\n    <br \/>\n<strong>Advertising<\/strong>: Questi cookie sono utilizzati per personalizzare l'invio delle informazioni e delle comunicazioni pubblicitarie, in funzione degli interessi dell'utente, ad es. in base alle pagine visitate.\n<\/p>\n<h3>COOKIE LIST<\/h3>\n<p>Di seguito \u00e8 riportata la lista dei cookies utilizzati su questo sito, con le loro caratteristiche.<\/p>\n<table id=\"listCookies\">\n<thead>\n<tr>\n<td>Categoria<\/td>\n<td>Cookie<\/td>\n<\/tr>\n<\/thead>\n<tbody>\n<tr>\n<td><strong>Essential<\/strong><\/td>\n<td><strong>PHPSESSID<\/strong><\/p>\n<hr>\n<p>                                                <em>Descrizione<\/em> <br \/>\n                                                Cookie nativo di PHP che consente ai siti Web di memorizzare dati sullo stato della serializzazione. Viene utilizzato per stabilire una sessione utente e per comunicare i dati sullo stato attraverso un cookie temporaneo, comunemente denominato cookie di sessione. Poich\u00e9 il cookie ASPSESSIONID non ha una scadenza temporale, scompare quando viene chiuso il browser.<br \/>\n                                                <\/p>\n<hr>\n<p>                                                <em>Durata<\/em> <br \/>\n                                                Cookie di Sessione: scade con la sessione \/ chiusura del browser\n                                            <\/td>\n<\/tr>\n<tr>\n<td><strong>Essential<\/strong><\/td>\n<td><strong>_icl_current_language<\/strong><\/p>\n<hr>\n<p>                                                <em>Descrizione<\/em> <br \/>\n                                                Cookie tecnico utilizzato per memorizzare la scelta dell'utente sull'utilizzo della lingua.<br \/>\n                                                <\/p>\n<hr>\n<p>                                               <em>Durata<\/em> <br \/>\n                                                Cookie di Sessione: scade con la sessione \/ chiusura del browser\n                                            <\/td>\n<\/tr>\n<tr>\n<td><strong>Performance<\/strong><\/td>\n<td><strong>_ga <\/strong><br \/>\n                                                Google Analytics - Dominio: .gstatic.com, .google.com<br \/>\n                                                <a href=\"https:\/\/tools.google.com\/dlpage\/gaoptout?hl=en\" target=\"_blank\" rel=\"noopener noreferrer\">Link opt out<\/a><\/p>\n<hr>\n<p>                                                <em>Descrizione<\/em> <br \/>\n                                                Cookies utilizzati da Google Maps che sono necessari per il funzionamento delle mappe dinamiche. Il contenuto e la loro creazione non sono direttamente controllabili poich\u00e9 generati automaticamente all'inclusione della mappa dinamica.<br \/>\n                                                 <\/p>\n<hr>\n<p>                                               <em>Durata<\/em> <br \/>\n                                                Cookie persistente: durata 2 anni\n                                            <\/td>\n<\/tr>\n<tr>\n<td><strong>Performance<\/strong><\/td>\n<td><strong>_gid <\/strong><br \/>\n                                                Google Analytics - Dominio: .gstatic.com, .google.com<br \/>\n                                                <a href=\"https:\/\/tools.google.com\/dlpage\/gaoptout?hl=en\" target=\"_blank\" rel=\"noopener noreferrer\">Link opt out<\/a><\/p>\n<hr>\n<p>                                                <em>Descrizione<\/em> <br \/>\n                                                Cookies utilizzati da Google Maps che sono necessari per il funzionamento delle mappe dinamiche. Il contenuto e la loro creazione non sono direttamente controllabili poich\u00e9 generati automaticamente all'inclusione della mappa dinamica.<br \/>\n                                                 <\/p>\n<hr>\n<p>                                               <em>Durata<\/em> <br \/>\n                                                Cookie persistente: durata 24 ore\n                                            <\/td>\n<\/tr>\n<\/tbody>\n<\/table>\n<p><\/p>\n<h3>GESTIONE DEI COOKIE DAL BROWSER<\/h3>\n<p>\n    Alcune persone preferiscono non abilitare i cookie e per questo motivo quasi tutti i browser offrono la possibilit\u00e0 di gestirli in modo da rispettare le preferenze degli utenti.<br \/>\n    Alcuni browsers limitano o eliminano cookies, perci\u00f2 \u00e8 consigliabile verificare le tue impostazioni. <br \/> \n<\/p>\n<ul>\n<li><strong>Chrome:<\/strong> <a href=\"https:\/\/support.google.com\/chrome\/answer\/95647?hl=it\" target=\"_blank\" rel=\"noopener noreferrer\">https:\/\/support.google.com\/chrome\/answer\/95647?hl=it<\/a><\/li>\n<li><strong>Internet Explorer:<\/strong> <a href=\"http:\/\/windows.microsoft.com\/it-it\/internet-explorer\/delete-manage-cookies\" target=\"_blank\" rel=\"noopener noreferrer\">http:\/\/windows.microsoft.com\/it-it\/internet-explorer\/delete-manage-cookies<\/a><\/li>\n<li><strong>Opera:<\/strong> <a href=\"http:\/\/help.opera.com\/Windows\/10.00\/it\/cookies.html\" target=\"_blank\" rel=\"noopener noreferrer\">http:\/\/help.opera.com\/Windows\/10.00\/it\/cookies.html<\/a><\/li>\n<li><strong>Safari:<\/strong> <a href=\"http:\/\/support.apple.com\/kb\/HT1677?viewlocale=it_IT\" target=\"_blank\" rel=\"noopener noreferrer\">http:\/\/support.apple.com\/kb\/HT1677?viewlocale=it_IT<\/a><\/li>\n<\/ul>\n","protected":false},"excerpt":{"rendered":"<p>COSA SONO I cookie sono piccoli file di testo memorizzati nel computer o nel dispositivo mobile dell'utente quando visita il nostro sito web. A COSA SERVONO I cookie sono da noi utilizzati per assicurare all'utente la migliore esperienza nel nostro sito. Questo sito utilizza i cookie, anche di terze parti. TIPOLOGIE DI COOKIE I cookie &hellip; <\/p>\n<p class=\"link-more\"><a href=\"https:\/\/anticoborgocannobio.it\/it\/cookies\/\" class=\"more-link\">Continua a leggere<\/a><\/p>\n","protected":false},"author":2,"featured_media":0,"parent":0,"menu_order":0,"comment_status":"closed","ping_status":"closed","template":"","meta":{"footnotes":""},"class_list":["post-113","page","type-page","status-publish","hentry"],"_links":{"self":[{"href":"https:\/\/anticoborgocannobio.it\/it\/wp-json\/wp\/v2\/pages\/113","targetHints":{"allow":["GET"]}}],"collection":[{"href":"https:\/\/anticoborgocannobio.it\/it\/wp-json\/wp\/v2\/pages"}],"about":[{"href":"https:\/\/anticoborgocannobio.it\/it\/wp-json\/wp\/v2\/types\/page"}],"author":[{"embeddable":true,"href":"https:\/\/anticoborgocannobio.it\/it\/wp-json\/wp\/v2\/users\/2"}],"replies":[{"embeddable":true,"href":"https:\/\/anticoborgocannobio.it\/it\/wp-json\/wp\/v2\/comments?post=113"}],"version-history":[{"count":4,"href":"https:\/\/anticoborgocannobio.it\/it\/wp-json\/wp\/v2\/pages\/113\/revisions"}],"predecessor-version":[{"id":183,"href":"https:\/\/anticoborgocannobio.it\/it\/wp-json\/wp\/v2\/pages\/113\/revisions\/183"}],"wp:attachment":[{"href":"https:\/\/anticoborgocannobio.it\/it\/wp-json\/wp\/v2\/media?parent=113"}],"curies":[{"name":"wp","href":"https:\/\/api.w.org\/{rel}","templated":true}]}}