{"id":699,"date":"2021-02-22T11:18:09","date_gmt":"2021-02-22T10:18:09","guid":{"rendered":"http:\/\/anticoborgocannobio.it\/richtungen\/"},"modified":"2025-02-09T11:46:34","modified_gmt":"2025-02-09T10:46:34","slug":"richtungen","status":"publish","type":"page","link":"https:\/\/anticoborgocannobio.it\/de\/richtungen\/","title":{"rendered":"Richtungen"},"content":{"rendered":"<p>Wir befinden uns in der Fu\u00dfg\u00e4ngerzone des historischen Zentrums von Cannobio, VB, in der Via Giovanola n.75, 28822.<br \/>\nF\u00fcr Kunden, die ihr Auto parken m\u00f6chten, steht ein gro\u00dfer Privatparkplatz zur Verf\u00fcgung, mit Ausnahme des Parkplatzes 200 m vor dem Friedhof von Cannobio.<br \/>\nDer Parkplatz verf\u00fcgt \u00fcber ein automatisches Tor mit \u00d6ffnungscode, Video\u00fcberwachungskameras und viel Platz zum Man\u00f6vrieren.<br \/>\nAm Tag vor Ihrer Ankunft erhalten Sie eine Nachricht mit allen Hinweisen und GPS-Koordinaten, um Ihr Gep\u00e4ck in der Anlage zu deponieren und Ihr Auto bequem zu parken.<\/p>\n<p><img loading=\"lazy\" decoding=\"async\" class=\"alignnone wp-image-311\" src=\"https:\/\/anticoborgocannobio.it\/wp-content\/uploads\/2021\/04\/mappa-cannobio.jpg\" alt=\"\" width=\"480\" height=\"398\" srcset=\"https:\/\/anticoborgocannobio.it\/wp-content\/uploads\/2021\/04\/mappa-cannobio.jpg 1054w, https:\/\/anticoborgocannobio.it\/wp-content\/uploads\/2021\/04\/mappa-cannobio-300x249.jpg 300w, https:\/\/anticoborgocannobio.it\/wp-content\/uploads\/2021\/04\/mappa-cannobio-1024x851.jpg 1024w, https:\/\/anticoborgocannobio.it\/wp-content\/uploads\/2021\/04\/mappa-cannobio-768x638.jpg 768w\" sizes=\"auto, (max-width: 480px) 100vw, 480px\" \/><\/p>\n<p>Mit dem Auto:<\/p>\n<p>Von Italien: Autobahn - Ausfahrt BAVENO - Weiter in Richtung Norden auf der SS 34 in Richtung Cannobio\/CH f\u00fcr ca. 20 Km.<\/p>\n<p>Aus der Schweiz: Autobahn N13 - Ausfahrt Bellinzona Sud. Folgen Sie der N2 in Richtung LOCARNO - BRISSAGO. Cannobio befindet sich 4 km hinter der Grenze.<\/p>\n<p>Mit dem Zug:<\/p>\n<p>Von Italien: Bahnhof Verbania-Fondotoce. km 30 - dann mit dem Bus VCO TRASPORTI nach Cannobio.<\/p>\n<p>Aus der Schweiz: SBB Bahnhof Locarno: km 31 - dann mit dem PostAuto bis Brissago, dann mit dem VCO TRASPORTI bis Cannobio.<\/p>\n<p>Mit dem Boot:<\/p>\n<p>Aus Italien und der Schweiz NAVIGATIONSSEEN - Lago Maggiore<\/p>\n<p>Mit dem Bus:<\/p>\n<p>Von Italien: VCO TRASPORTI - Linie Verbania - Cannobio - Brissago - 25 km<\/p>\n<p>Aus der Schweiz: AUTOPOSTALE von Brissago -km 8<\/p>\n<p>&nbsp;<\/p>\n<p>Mit dem Flugzeug:<\/p>\n<p>Von Mailand-Malpensa - km 90: ab Malpensa mit dem Bus AUTOTRASPORTI \"SAF\".<\/p>\n<p>Von Mailand-Linate - km 147 - Autovermietung<\/p>\n<p>Von Orio al Serio - km 169 - Autovermietung<\/p>\n<p>&nbsp;<\/p>\n<p>&nbsp;<\/p>\n<p><img loading=\"lazy\" decoding=\"async\" class=\"wp-image-308 alignright\" src=\"https:\/\/anticoborgocannobio.it\/wp-content\/uploads\/2021\/04\/cartina-mezzi-trasporto-OK.jpg\" alt=\"\" width=\"335\" height=\"252\" srcset=\"https:\/\/anticoborgocannobio.it\/wp-content\/uploads\/2021\/04\/cartina-mezzi-trasporto-OK.jpg 512w, https:\/\/anticoborgocannobio.it\/wp-content\/uploads\/2021\/04\/cartina-mezzi-trasporto-OK-300x225.jpg 300w\" sizes=\"auto, (max-width: 335px) 100vw, 335px\" \/><\/p>\n","protected":false},"excerpt":{"rendered":"<p>Wir befinden uns in der Fu\u00dfg\u00e4ngerzone des historischen Zentrums von Cannobio, VB, in der Via Giovanola n.75, 28822. F\u00fcr Kunden, die ihr Auto parken m\u00f6chten, steht ein gro\u00dfer Privatparkplatz zur Verf\u00fcgung, mit Ausnahme des Parkplatzes 200 m vor dem Friedhof von Cannobio. Der Parkplatz verf\u00fcgt \u00fcber ein automatisches Tor mit \u00d6ffnungscode, Video\u00fcberwachungskameras und viel Platz &hellip; <\/p>\n<p class=\"link-more\"><a href=\"https:\/\/anticoborgocannobio.it\/de\/richtungen\/\" class=\"more-link\">Weiterlesen<\/a><\/p>\n","protected":false},"author":2,"featured_media":0,"parent":0,"menu_order":0,"comment_status":"closed","ping_status":"closed","template":"","meta":{"footnotes":""},"class_list":["post-699","page","type-page","status-publish","hentry"],"_links":{"self":[{"href":"https:\/\/anticoborgocannobio.it\/de\/wp-json\/wp\/v2\/pages\/699","targetHints":{"allow":["GET"]}}],"collection":[{"href":"https:\/\/anticoborgocannobio.it\/de\/wp-json\/wp\/v2\/pages"}],"about":[{"href":"https:\/\/anticoborgocannobio.it\/de\/wp-json\/wp\/v2\/types\/page"}],"author":[{"embeddable":true,"href":"https:\/\/anticoborgocannobio.it\/de\/wp-json\/wp\/v2\/users\/2"}],"replies":[{"embeddable":true,"href":"https:\/\/anticoborgocannobio.it\/de\/wp-json\/wp\/v2\/comments?post=699"}],"version-history":[{"count":5,"href":"https:\/\/anticoborgocannobio.it\/de\/wp-json\/wp\/v2\/pages\/699\/revisions"}],"predecessor-version":[{"id":1415,"href":"https:\/\/anticoborgocannobio.it\/de\/wp-json\/wp\/v2\/pages\/699\/revisions\/1415"}],"wp:attachment":[{"href":"https:\/\/anticoborgocannobio.it\/de\/wp-json\/wp\/v2\/media?parent=699"}],"curies":[{"name":"wp","href":"https:\/\/api.w.org\/{rel}","templated":true}]}}