{"id":1268,"date":"2023-07-11T10:44:36","date_gmt":"2023-07-11T08:44:36","guid":{"rendered":"https:\/\/anticoborgocannobio.it\/informationen\/"},"modified":"2025-05-16T12:38:44","modified_gmt":"2025-05-16T10:38:44","slug":"informationen","status":"publish","type":"page","link":"https:\/\/anticoborgocannobio.it\/de\/informationen\/","title":{"rendered":"Informationen"},"content":{"rendered":"<p>WICHTIGE INFORMATIONEN:<br \/>\nDas Anwesen befindet sich im historischen Zentrum von Cannobio, in einer Fu\u00dfg\u00e4ngerzone, die mit Fahrzeugen erreichbar ist, in Via Giovanola 75, VB, 28822, CANNOBIO, Italy.<\/p>\n<p>PARKPLATZ:<br \/>\nWir verf\u00fcgen \u00fcber einen gro\u00dfen Privatparkplatz, der ausschlie\u00dflich f\u00fcr unsere G\u00e4ste reserviert ist.<br \/>\nDer Parkplatz ist nicht \u00fcberdacht, gepflastert, mit einem Beleuchtungssystem ausgestattet, ummauert und video\u00fcberwacht.<br \/>\nDer Zugang zum Parkplatz erfolgt \u00fcber einen Zugangscode, der vor dem Check-in mitgeteilt wird.<br \/>\nDer Parkplatz bietet ausreichend Platz zum Man\u00f6vrieren; es gibt keine H\u00f6hen- oder Breitenbeschr\u00e4nkungen f\u00fcr Autos und Fahrzeuge.<br \/>\nAuf dem Parkplatz gibt es die M\u00f6glichkeit, das eigene Fahrrad auf einem Fahrradst\u00e4nder abzustellen.<\/p>\n<p>Der Parkplatz befindet sich 200 m von der Anlage entfernt. Parkpl\u00e4tze k\u00f6nnen f\u00fcr 10 \u20ac pro Tag direkt bei der Buchung Ihres Aufenthalts reserviert werden.<\/p>\n<p>CHECK-IN:<br \/>\nCheck-in-Zeit ab 14.00 Uhr<\/p>\n<p>CHECK-OUT:<br \/>\nCheck-out-Zeit von 8.00 Uhr bis 10.00 Uhr<\/p>\n<p>STORNOBEDINGUNGEN:<br \/>\nDie Stornierung ist bis zu 7 Tage vor dem Aufenthalt kostenlos, danach wird der gesamte Aufenthalt in Rechnung gestellt.<br \/>\nEine Kaution muss bei der Buchung nicht hinterlegt werden.<br \/>\nPers\u00f6nliche Daten, Telefonnummer und E-Mail-Adresse sind bei der Buchung anzugeben.<br \/>\nDie Zahlung erfolgt beim Check-out.<\/p>\n<p>CITY TAX:<br \/>\nBei der Abreise wird zusammen mit der Zahlung des Aufenthaltes der Betrag der Kurtaxe hinzugef\u00fcgt.<br \/>\nDie Gemeinde Cannobio hat die neuen S\u00e4tze der Kurtaxe ab 01\/01\/2025 genehmigt.<br \/>\nF\u00fcr Bed&amp;Breakfast \u20ac 1,00 pro Person pro Nacht.<\/p>\n<p>FR\u00dcHST\u00dcCK<br \/>\nUnser Fr\u00fchst\u00fcck ist ein kontinentales Fr\u00fchst\u00fccksbuffet mit lokalen Produkten.<br \/>\nEs wird von 8.00 Uhr bis 10.00 Uhr im Fr\u00fchst\u00fccksraum und im sch\u00f6nen, ruhigen Innenhof serviert.<\/p>\n<p>ZIMMERSERVICE:<br \/>\nUnsere Zimmerm\u00e4dchen auf den Etagen sorgen t\u00e4glich ab 10.00 Uhr f\u00fcr die Reinigung der Zimmer.<\/p>\n<p>AUSSTATTUNG:<br \/>\nJedes Zimmer verf\u00fcgt \u00fcber:<br \/>\nK\u00fchlschrank, Klimaanlage, Wasserkocher, Tee- und Kaffeekocher, Handt\u00fccher, Bettw\u00e4sche und Geschenkset, Satellitenfernsehen, Wi-Fi und Safe.<\/p>\n<p>WI-FI<br \/>\nKostenloses Wi-fi-System im gesamten Hotel.<\/p>\n<p>UNSERE STRUKTUR:<br \/>\nUnser Haus ist ein k\u00fcrzlich renoviertes altes Geb\u00e4ude und besteht aus 8 Doppelzimmern.<br \/>\nWir haben verschiedene Zimmertypen: Standard Zimmer, Superior Zimmer, Deluxe Zimmer, Junior Suite auf zwei Ebenen und Suite mit Terrasse.<br \/>\nKEIN AUFZUG<br \/>\nDAS HOTEL STELLT KEINE ZUSATZBETTEN ZUR VERF\u00dcGUNG.<br \/>\nSTRUKTUR NUR F\u00dcR ERWACHSENE, KINDER NICHT ERLAUBT.<br \/>\nHAUSTIERE SIND NICHT ERLAUBT.<\/p>\n<p>CIR:<br \/>\n103017-AFF-00014<br \/>\n103017-BEB-00015<\/p>\n<p>CIN:<br \/>\nIT103017B4P267FMKH<br \/>\nIT103017C15S8BLY4L<\/p>\n","protected":false},"excerpt":{"rendered":"<p>WICHTIGE INFORMATIONEN: Das Anwesen befindet sich im historischen Zentrum von Cannobio, in einer Fu\u00dfg\u00e4ngerzone, die mit Fahrzeugen erreichbar ist, in Via Giovanola 75, VB, 28822, CANNOBIO, Italy. PARKPLATZ: Wir verf\u00fcgen \u00fcber einen gro\u00dfen Privatparkplatz, der ausschlie\u00dflich f\u00fcr unsere G\u00e4ste reserviert ist. Der Parkplatz ist nicht \u00fcberdacht, gepflastert, mit einem Beleuchtungssystem ausgestattet, ummauert und video\u00fcberwacht. Der &hellip; <\/p>\n<p class=\"link-more\"><a href=\"https:\/\/anticoborgocannobio.it\/de\/informationen\/\" class=\"more-link\">Weiterlesen<\/a><\/p>\n","protected":false},"author":2,"featured_media":0,"parent":0,"menu_order":0,"comment_status":"closed","ping_status":"closed","template":"","meta":{"footnotes":""},"class_list":["post-1268","page","type-page","status-publish","hentry"],"_links":{"self":[{"href":"https:\/\/anticoborgocannobio.it\/de\/wp-json\/wp\/v2\/pages\/1268","targetHints":{"allow":["GET"]}}],"collection":[{"href":"https:\/\/anticoborgocannobio.it\/de\/wp-json\/wp\/v2\/pages"}],"about":[{"href":"https:\/\/anticoborgocannobio.it\/de\/wp-json\/wp\/v2\/types\/page"}],"author":[{"embeddable":true,"href":"https:\/\/anticoborgocannobio.it\/de\/wp-json\/wp\/v2\/users\/2"}],"replies":[{"embeddable":true,"href":"https:\/\/anticoborgocannobio.it\/de\/wp-json\/wp\/v2\/comments?post=1268"}],"version-history":[{"count":5,"href":"https:\/\/anticoborgocannobio.it\/de\/wp-json\/wp\/v2\/pages\/1268\/revisions"}],"predecessor-version":[{"id":1504,"href":"https:\/\/anticoborgocannobio.it\/de\/wp-json\/wp\/v2\/pages\/1268\/revisions\/1504"}],"wp:attachment":[{"href":"https:\/\/anticoborgocannobio.it\/de\/wp-json\/wp\/v2\/media?parent=1268"}],"curies":[{"name":"wp","href":"https:\/\/api.w.org\/{rel}","templated":true}]}}