{"id":117,"date":"2020-12-16T12:17:37","date_gmt":"2020-12-16T11:17:37","guid":{"rendered":"http:\/\/anticoborgocannobio.it\/?page_id=117"},"modified":"2021-05-28T17:01:27","modified_gmt":"2021-05-28T15:01:27","slug":"cookies","status":"publish","type":"page","link":"https:\/\/anticoborgocannobio.it\/de\/cookies\/","title":{"rendered":"Cookies"},"content":{"rendered":"<p>WAS SIND COOKIES?<br \/>\nCookies sind kleine Textdateien, die auf Ihrem Computer oder Mobilger\u00e4t gespeichert werden, wenn Sie unsere Website besuchen.<\/p>\n<p>&nbsp;<\/p>\n<p>WOF\u00dcR WERDEN SIE VERWENDET?<br \/>\nCookies werden von uns verwendet, um Ihnen das beste Erlebnis auf unserer Website zu bieten. Diese Website verwendet Cookies, einschlie\u00dflich Cookies von Drittanbietern.<\/p>\n<p>&nbsp;<\/p>\n<p>ARTEN VON COOKIES?<br \/>\nCookies werden wie folgt kategorisiert.<\/p>\n<p>Session-Cookies. Cookies, die automatisch gel\u00f6scht werden, wenn Sie Ihren Browser schlie\u00dfen.<\/p>\n<p>Dauerhafte Cookies. Cookies, die auf dem Ger\u00e4t des Benutzers gespeichert bleiben, bis sie ein bestimmtes Enddatum erreichen (in Form von Minuten, Tagen oder Jahren nach Erstellung\/Aktualisierung des Cookies).<\/p>\n<p>Erstanbieter-Cookies. Propriet\u00e4re Cookies, die nur von der Domain, die Sie besuchen, gelesen werden k\u00f6nnen.<\/p>\n<p>Cookies von Drittanbietern. Cookies, die im Auftrag von Dritten gespeichert werden.<\/p>\n<p>Sie k\u00f6nnen einzelne Cookies \u00fcber die Einstellungen der meisten Browser kontrollieren und l\u00f6schen. Dies kann jedoch dazu f\u00fchren, dass Sie bestimmte Funktionen unserer Website nicht richtig nutzen k\u00f6nnen. Weitere Informationen finden Sie unter www.aboutcookies.org oder www.allaboutcookies.org.<\/p>\n<p>&nbsp;<\/p>\n<p>VERWALTUNG VON COOKIES DIREKT VON DER WEBSITE AUS<br \/>\nUm Ihre Erfahrung auch bei der Verwaltung von Cookies zu optimieren, haben wir beschlossen, die Cookies, die von dieser Website verwendet werden k\u00f6nnen, in vier Kategorien zu organisieren, je nach den verfolgten Zwecken: wesentlich, Komfort, Leistung, Werbung.<\/p>\n<p>Der Benutzer hat jederzeit die M\u00f6glichkeit, direkt von der Website aus jede spezifische Kategorie von Cookies zu aktivieren und zu deaktivieren (mit Ausnahme von essentiellen Cookies, die unbedingt erforderlich sind). Im Falle von Drittanbieter-Cookies bedeutet die Deaktivierung, dass das Cookie von dieser Website nicht verwendet wird (und nicht gel\u00f6scht wird).<\/p>\n<p>Unverzichtbar: Diese Cookies sind f\u00fcr das ordnungsgem\u00e4\u00dfe Funktionieren der Website und ihrer Funktionen unerl\u00e4sslich. Beispiele: Authentifizierungs-Cookies.<\/p>\n<p>Komfort: Diese Cookies helfen, den Komfort und die Benutzerfreundlichkeit von Websites zu verbessern und bieten eine Vielzahl von Funktionen. In Komfort-Cookies k\u00f6nnen Sie z. B. Suchergebnisse, Spracheinstellungen, Schriftgr\u00f6\u00dfe speichern.<br \/>\nPerformance: Diese Cookies sammeln Informationen dar\u00fcber, wie Websites genutzt werden. Performance-Cookies helfen uns z.B. dabei, festzustellen, welche Bereiche unserer Website am beliebtesten sind. Dies erm\u00f6glicht es uns, den Inhalt der Internetseiten an Ihre W\u00fcnsche anzupassen und gleichzeitig das Internetangebot zu verbessern.<\/p>\n<p>Werbung: Diese Cookies werden verwendet, um die Zustellung von Informationen und Werbemitteilungen entsprechend Ihren Interessen zu personalisieren, z.B. basierend auf den von Ihnen besuchten Seiten.<\/p>\n<p>COOKIE-LISTE<br \/>\nNachfolgend finden Sie eine Liste der auf dieser Website verwendeten Cookies mit ihren Eigenschaften.<\/p>\n<p>Cookie-Kategorie<br \/>\nWesentlich<br \/>\nPHPSESSID<\/p>\n<p>Beschreibung<br \/>\nEin natives PHP-Cookie, mit dem Websites Daten zum Serialisierungsstatus speichern k\u00f6nnen. Es wird verwendet, um eine Benutzersitzung einzurichten und Statusdaten \u00fcber ein tempor\u00e4res Cookie zu \u00fcbermitteln, das allgemein als Sitzungscookie bezeichnet wird. Da das ASPSESSIONID-Cookie kein Verfallsdatum hat, verschwindet es, wenn der Browser geschlossen wird.<\/p>\n<p>Dauer<br \/>\nSession-Cookie: l\u00e4uft bei Sitzung\/Schlie\u00dfen des Browsers ab<\/p>\n<p>Wesentlich<br \/>\n_icl_current_language<\/p>\n<p>Beschreibung<br \/>\nTechnisches Cookie, das verwendet wird, um die Sprachwahl des Benutzers zu speichern.<\/p>\n<p>Dauer<br \/>\nSession-Cookie: l\u00e4uft mit dem Schlie\u00dfen der Sitzung \/ des Browsers ab<\/p>\n<p>Leistung<br \/>\n_ga<br \/>\nGoogle Analytics - Domain: .gstatic.com, .google.com<br \/>\nAbmelde-Link<\/p>\n<p>Beschreibung<br \/>\nVon Google Maps verwendete Cookies, die f\u00fcr das Funktionieren der dynamischen Karten notwendig sind. Die Inhalte und deren Erstellung sind nicht direkt steuerbar, da sie beim Einbinden der dynamischen Karte automatisch generiert werden.<\/p>\n<p>Dauer<br \/>\nPersistentes Cookie: Dauer 2 Jahre<\/p>\n<p>Leistung<br \/>\n_gid<br \/>\nGoogle Analytics - Domain: .gstatic.com, .google.com<br \/>\nAbmelde-Link<\/p>\n<p>Beschreibung<br \/>\nVon Google Maps verwendete Cookies, die f\u00fcr das Funktionieren der dynamischen Karten notwendig sind. Die Inhalte und deren Erstellung sind nicht direkt steuerbar, da sie beim Einbinden der dynamischen Karte automatisch generiert werden.<\/p>\n<p>Dauer<br \/>\nPersistentes Cookie: Dauer 24 Stunden<\/p>\n<p>&nbsp;<\/p>\n<p>COOKIE-VERWALTUNG VOM BROWSER AUS<br \/>\nManche Menschen ziehen es vor, Cookies nicht zu aktivieren. Aus diesem Grund bieten fast alle Browser die M\u00f6glichkeit, sie zu verwalten, um die Pr\u00e4ferenzen der Benutzer zu respektieren.<br \/>\nEinige Browser schr\u00e4nken Cookies ein oder l\u00f6schen sie, daher ist es ratsam, Ihre Einstellungen zu \u00fcberpr\u00fcfen.<\/p>\n<p>Chrom: https:\/\/support.google.com\/chrome\/answer\/95647?hl=it<br \/>\nInternet Explorer: http:\/\/windows.microsoft.com\/it-it\/internet-explorer\/delete-manage-cookies<br \/>\nOper: http:\/\/help.opera.com\/Windows\/10.00\/it\/cookies.html<br \/>\nSafari: http:\/\/support.apple.com\/kb\/HT1677?viewlocale=it_IT<\/p>\n","protected":false},"excerpt":{"rendered":"<p>WAS SIND COOKIES? Cookies sind kleine Textdateien, die auf Ihrem Computer oder Mobilger\u00e4t gespeichert werden, wenn Sie unsere Website besuchen. &nbsp; WOF\u00dcR WERDEN SIE VERWENDET? Cookies werden von uns verwendet, um Ihnen das beste Erlebnis auf unserer Website zu bieten. Diese Website verwendet Cookies, einschlie\u00dflich Cookies von Drittanbietern. &nbsp; ARTEN VON COOKIES? Cookies werden wie &hellip; <\/p>\n<p class=\"link-more\"><a href=\"https:\/\/anticoborgocannobio.it\/de\/cookies\/\" class=\"more-link\">Weiterlesen<\/a><\/p>\n","protected":false},"author":2,"featured_media":0,"parent":0,"menu_order":0,"comment_status":"closed","ping_status":"closed","template":"","meta":{"footnotes":""},"class_list":["post-117","page","type-page","status-publish","hentry"],"_links":{"self":[{"href":"https:\/\/anticoborgocannobio.it\/de\/wp-json\/wp\/v2\/pages\/117","targetHints":{"allow":["GET"]}}],"collection":[{"href":"https:\/\/anticoborgocannobio.it\/de\/wp-json\/wp\/v2\/pages"}],"about":[{"href":"https:\/\/anticoborgocannobio.it\/de\/wp-json\/wp\/v2\/types\/page"}],"author":[{"embeddable":true,"href":"https:\/\/anticoborgocannobio.it\/de\/wp-json\/wp\/v2\/users\/2"}],"replies":[{"embeddable":true,"href":"https:\/\/anticoborgocannobio.it\/de\/wp-json\/wp\/v2\/comments?post=117"}],"version-history":[{"count":2,"href":"https:\/\/anticoborgocannobio.it\/de\/wp-json\/wp\/v2\/pages\/117\/revisions"}],"predecessor-version":[{"id":872,"href":"https:\/\/anticoborgocannobio.it\/de\/wp-json\/wp\/v2\/pages\/117\/revisions\/872"}],"wp:attachment":[{"href":"https:\/\/anticoborgocannobio.it\/de\/wp-json\/wp\/v2\/media?parent=117"}],"curies":[{"name":"wp","href":"https:\/\/api.w.org\/{rel}","templated":true}]}}